{"id":132,"date":"2023-02-05T08:09:53","date_gmt":"2023-02-05T07:09:53","guid":{"rendered":"https:\/\/wey-beratung.de\/?page_id=132"},"modified":"2024-10-31T18:28:37","modified_gmt":"2024-10-31T17:28:37","slug":"startseite","status":"publish","type":"page","link":"https:\/\/wey-beratung.de\/","title":{"rendered":"Startseite"},"content":{"rendered":"\t\t<div data-elementor-type=\"wp-page\" data-elementor-id=\"132\" class=\"elementor elementor-132\" data-elementor-settings=\"{&quot;ha_cmc_init_switcher&quot;:&quot;no&quot;}\">\n\t\t\t\t\t\t<section class=\"elementor-section elementor-top-section elementor-element elementor-element-b60688d elementor-section-boxed elementor-section-height-default elementor-section-height-default\" data-id=\"b60688d\" data-element_type=\"section\" data-e-type=\"section\" data-settings=\"{&quot;_ha_eqh_enable&quot;:false}\">\n\t\t\t\t\t\t<div class=\"elementor-container elementor-column-gap-default\">\n\t\t\t\t\t<div class=\"elementor-column elementor-col-33 elementor-top-column elementor-element elementor-element-b0b8742\" data-id=\"b0b8742\" data-element_type=\"column\" data-e-type=\"column\">\n\t\t\t<div class=\"elementor-widget-wrap elementor-element-populated\">\n\t\t\t\t\t\t<div class=\"elementor-element elementor-element-f14d3b1 elementor-widget elementor-widget-image\" data-id=\"f14d3b1\" data-element_type=\"widget\" data-e-type=\"widget\" data-widget_type=\"image.default\">\n\t\t\t\t<div class=\"elementor-widget-container\">\n\t\t\t\t\t\t\t\t\t\t\t\t\t\t\t<img fetchpriority=\"high\" decoding=\"async\" width=\"473\" height=\"530\" src=\"https:\/\/wey-beratung.de\/wp-content\/uploads\/2024\/10\/2024_1_trans2.png\" class=\"attachment-medium_large size-medium_large wp-image-286\" alt=\"\" srcset=\"https:\/\/wey-beratung.de\/wp-content\/uploads\/2024\/10\/2024_1_trans2.png 473w, https:\/\/wey-beratung.de\/wp-content\/uploads\/2024\/10\/2024_1_trans2-268x300.png 268w\" sizes=\"(max-width: 473px) 100vw, 473px\" \/>\t\t\t\t\t\t\t\t\t\t\t\t\t\t\t<\/div>\n\t\t\t\t<\/div>\n\t\t\t\t\t<\/div>\n\t\t<\/div>\n\t\t\t\t<div class=\"elementor-column elementor-col-66 elementor-top-column elementor-element elementor-element-c60e290\" data-id=\"c60e290\" data-element_type=\"column\" data-e-type=\"column\">\n\t\t\t<div class=\"elementor-widget-wrap elementor-element-populated\">\n\t\t\t\t\t\t<div class=\"elementor-element elementor-element-1c2be7e5 elementor-widget elementor-widget-text-editor\" data-id=\"1c2be7e5\" data-element_type=\"widget\" data-e-type=\"widget\" data-widget_type=\"text-editor.default\">\n\t\t\t\t<div class=\"elementor-widget-container\">\n\t\t\t\t\t\t\t\t\t\n<h1>Herzlich Willkommen&#8230;<\/h1>\n<p>&#8230;auf den Seiten meiner Praxis f\u00fcr systemische Betrachtungen.<\/p>\n<p>Hier k\u00f6nnen Sie sich \u00fcber meine Angebote informieren.<\/p>\n<p>Neben der pers\u00f6nlichen Beratung f\u00fchre ich auch Seminare,<br \/>Workshops und Fortbildungen durch.<\/p>\n<p>Falls Sie fragen haben rufen Sie mich an, schreiben eine<br \/>E-Mail oder nutzen mein Kontaktformular.<\/p>\n<p>Ich freue mich auf die Begegnung mit Ihnen.<\/p>\n<p><img decoding=\"async\" class=\"alignnone size-medium wp-image-32\" src=\"https:\/\/wey-beratung.de\/wp-content\/uploads\/2023\/02\/unterschrift01-300x166.png\" alt=\"\" width=\"300\" height=\"166\" srcset=\"https:\/\/wey-beratung.de\/wp-content\/uploads\/2023\/02\/unterschrift01-300x166.png 300w, https:\/\/wey-beratung.de\/wp-content\/uploads\/2023\/02\/unterschrift01-768x426.png 768w, https:\/\/wey-beratung.de\/wp-content\/uploads\/2023\/02\/unterschrift01.png 883w\" sizes=\"(max-width: 300px) 100vw, 300px\" \/><\/p>\n\t\t\t\t\t\t\t\t<\/div>\n\t\t\t\t<\/div>\n\t\t\t\t\t<\/div>\n\t\t<\/div>\n\t\t\t\t\t<\/div>\n\t\t<\/section>\n\t\t\t\t<\/div>\n\t\t","protected":false},"excerpt":{"rendered":"<p>Herzlich Willkommen&#8230; &#8230;auf den Seiten meiner Praxis f\u00fcr systemische Betrachtungen. Hier k\u00f6nnen Sie sich \u00fcber meine Angebote informieren. Neben der pers\u00f6nlichen Beratung f\u00fchre ich auch Seminare,Workshops und Fortbildungen durch. Falls Sie fragen haben rufen Sie mich an, schreiben eineE-Mail oder nutzen mein Kontaktformular. Ich freue mich auf die Begegnung mit Ihnen.<\/p>\n","protected":false},"author":1,"featured_media":0,"parent":0,"menu_order":0,"comment_status":"closed","ping_status":"closed","template":"","meta":{"ocean_post_layout":"","ocean_both_sidebars_style":"","ocean_both_sidebars_content_width":0,"ocean_both_sidebars_sidebars_width":0,"ocean_sidebar":"0","ocean_second_sidebar":"0","ocean_disable_margins":"enable","ocean_add_body_class":"","ocean_shortcode_before_top_bar":"","ocean_shortcode_after_top_bar":"","ocean_shortcode_before_header":"","ocean_shortcode_after_header":"","ocean_has_shortcode":"","ocean_shortcode_after_title":"","ocean_shortcode_before_footer_widgets":"","ocean_shortcode_after_footer_widgets":"","ocean_shortcode_before_footer_bottom":"","ocean_shortcode_after_footer_bottom":"","ocean_display_top_bar":"default","ocean_display_header":"default","ocean_header_style":"","ocean_center_header_left_menu":"0","ocean_custom_header_template":"0","ocean_custom_logo":0,"ocean_custom_retina_logo":0,"ocean_custom_logo_max_width":0,"ocean_custom_logo_tablet_max_width":0,"ocean_custom_logo_mobile_max_width":0,"ocean_custom_logo_max_height":0,"ocean_custom_logo_tablet_max_height":0,"ocean_custom_logo_mobile_max_height":0,"ocean_header_custom_menu":"0","ocean_menu_typo_font_family":"0","ocean_menu_typo_font_subset":"","ocean_menu_typo_font_size":0,"ocean_menu_typo_font_size_tablet":0,"ocean_menu_typo_font_size_mobile":0,"ocean_menu_typo_font_size_unit":"px","ocean_menu_typo_font_weight":"","ocean_menu_typo_font_weight_tablet":"","ocean_menu_typo_font_weight_mobile":"","ocean_menu_typo_transform":"","ocean_menu_typo_transform_tablet":"","ocean_menu_typo_transform_mobile":"","ocean_menu_typo_line_height":0,"ocean_menu_typo_line_height_tablet":0,"ocean_menu_typo_line_height_mobile":0,"ocean_menu_typo_line_height_unit":"","ocean_menu_typo_spacing":0,"ocean_menu_typo_spacing_tablet":0,"ocean_menu_typo_spacing_mobile":0,"ocean_menu_typo_spacing_unit":"","ocean_menu_link_color":"","ocean_menu_link_color_hover":"","ocean_menu_link_color_active":"","ocean_menu_link_background":"","ocean_menu_link_hover_background":"","ocean_menu_link_active_background":"","ocean_menu_social_links_bg":"","ocean_menu_social_hover_links_bg":"","ocean_menu_social_links_color":"","ocean_menu_social_hover_links_color":"","ocean_disable_title":"default","ocean_disable_heading":"default","ocean_post_title":"","ocean_post_subheading":"","ocean_post_title_style":"","ocean_post_title_background_color":"","ocean_post_title_background":0,"ocean_post_title_bg_image_position":"","ocean_post_title_bg_image_attachment":"","ocean_post_title_bg_image_repeat":"","ocean_post_title_bg_image_size":"","ocean_post_title_height":0,"ocean_post_title_bg_overlay":0.5,"ocean_post_title_bg_overlay_color":"","ocean_disable_breadcrumbs":"default","ocean_breadcrumbs_color":"","ocean_breadcrumbs_separator_color":"","ocean_breadcrumbs_links_color":"","ocean_breadcrumbs_links_hover_color":"","ocean_display_footer_widgets":"default","ocean_display_footer_bottom":"default","ocean_custom_footer_template":"0","footnotes":""},"class_list":["post-132","page","type-page","status-publish","hentry","entry"],"_links":{"self":[{"href":"https:\/\/wey-beratung.de\/index.php\/wp-json\/wp\/v2\/pages\/132","targetHints":{"allow":["GET"]}}],"collection":[{"href":"https:\/\/wey-beratung.de\/index.php\/wp-json\/wp\/v2\/pages"}],"about":[{"href":"https:\/\/wey-beratung.de\/index.php\/wp-json\/wp\/v2\/types\/page"}],"author":[{"embeddable":true,"href":"https:\/\/wey-beratung.de\/index.php\/wp-json\/wp\/v2\/users\/1"}],"replies":[{"embeddable":true,"href":"https:\/\/wey-beratung.de\/index.php\/wp-json\/wp\/v2\/comments?post=132"}],"version-history":[{"count":19,"href":"https:\/\/wey-beratung.de\/index.php\/wp-json\/wp\/v2\/pages\/132\/revisions"}],"predecessor-version":[{"id":292,"href":"https:\/\/wey-beratung.de\/index.php\/wp-json\/wp\/v2\/pages\/132\/revisions\/292"}],"wp:attachment":[{"href":"https:\/\/wey-beratung.de\/index.php\/wp-json\/wp\/v2\/media?parent=132"}],"curies":[{"name":"wp","href":"https:\/\/api.w.org\/{rel}","templated":true}]}}